{"id":92,"date":"2025-11-02T09:15:09","date_gmt":"2025-11-02T12:15:09","guid":{"rendered":"https:\/\/clinicaqualymed.com.br\/index.php\/contact\/"},"modified":"2025-11-05T08:38:44","modified_gmt":"2025-11-05T11:38:44","slug":"contact","status":"publish","type":"page","link":"https:\/\/clinicaqualymed.com.br\/index.php\/contact\/","title":{"rendered":"Contact"},"content":{"rendered":"\t\t<div data-elementor-type=\"wp-page\" data-elementor-id=\"92\" class=\"elementor elementor-92\" data-elementor-post-type=\"page\">\n\t\t\t\t<div class=\"elementor-element elementor-element-3a1d9062 e-flex e-con-boxed e-con e-parent\" data-id=\"3a1d9062\" data-element_type=\"container\" data-settings=\"{&quot;background_background&quot;:&quot;classic&quot;}\">\n\t\t\t\t\t<div class=\"e-con-inner\">\n\t\t<div class=\"elementor-element elementor-element-b26a506 e-con-full e-flex e-con e-child\" data-id=\"b26a506\" data-element_type=\"container\" data-settings=\"{&quot;background_background&quot;:&quot;classic&quot;}\">\n\t\t\t\t<div class=\"elementor-element elementor-element-13e372bf elementor-widget elementor-widget-ehp-form\" data-id=\"13e372bf\" data-element_type=\"widget\" data-settings=\"{&quot;button_width&quot;:&quot;33&quot;,&quot;button_shape&quot;:&quot;round&quot;,&quot;layout_preset&quot;:&quot;quick-connect&quot;,&quot;box_shape&quot;:&quot;sharp&quot;}\" data-widget_type=\"ehp-form.default\">\n\t\t\t\t<div class=\"elementor-widget-container\">\n\t\t\t\t\t\t\t<form class=\"has-shape-sharp shape-type-box ehp-form has-layout-preset-quick-connect\" name=\"New Form\" method=\"post\" id=\"\">\n\t\t\t\t\t<div class=\"ehp-form__text-container\">\n\t\t\t\t\t<\/div>\n\t\t\t\t\t<input type=\"hidden\" name=\"post_id\" value=\"92\"\/>\n\t\t\t<input type=\"hidden\" name=\"form_id\" value=\"13e372bf\"\/>\n\t\t\t<input type=\"hidden\" name=\"referer_title\" value=\"Contact\"\/>\n\n\t\t\t\t\t\t\t<input type=\"hidden\" name=\"queried_id\" value=\"92\"\/>\n\t\t\t\n\t\t\t<div class=\"ehp-form__content\">\n\t\t\t\t\t\t\t\t<div class=\"ehp-form__wrapper\">\n\t\t\t\t\t\t\t\t\t\t\t<div class=\"ehp-form__field-group is-field-type-text is-field-group-name has-width-100 has-shape-default\">\n\t\t\t\t\t\t\t\t\t\t\t\t\t\t\t<label for=\"form-field-name\" class=\"ehp-form__field-label elementor-screen-only\">\n\t\t\t\t\t\t\t\t\tName\t\t\t\t\t\t\t\t<\/label>\n\t\t\t\t\t\t\t\t\t\t\t\t\t\t\t\t\t<input size=\"1\" type=\"text\" name=\"form_fields[name]\" id=\"form-field-name\" class=\"ehp-form__field elementor-size-sm  elementor-field-textual\" placeholder=\"Nome\">\n\t\t\t\t\t\t\t\t\t\t\t\t\t\t\t<\/div>\n\t\t\t\t\t\t\t\t\t\t\t<div class=\"ehp-form__field-group is-field-type-ehp-tel is-field-group-field_981c0a4 has-width-100 has-shape-default\">\n\t\t\t\t\t\t\t\t\t\t\t\t\t\t\t<label for=\"form-field-field_981c0a4\" class=\"ehp-form__field-label elementor-screen-only\">\n\t\t\t\t\t\t\t\t\tPhone\t\t\t\t\t\t\t\t<\/label>\n\t\t\t\t\t\t\t\t\t\t<input size=\"1\" type=\"ehp-tel\" name=\"form_fields[field_981c0a4]\" id=\"form-field-field_981c0a4\" class=\"ehp-form__field elementor-size-sm  elementor-field-textual\" placeholder=\"Telefone\" pattern=\"[0-9()#&amp;+*\\-=.]+\" title=\"Only numbers and phone characters (#, -, *, etc) are accepted.\">\n\n\t\t\t\t\t\t\t\t<\/div>\n\t\t\t\t\t\t\t\t\t\t\t<div class=\"ehp-form__field-group is-field-type-email is-field-group-email has-width-100 is-field-required has-shape-default\">\n\t\t\t\t\t\t\t\t\t\t\t\t\t\t\t<label for=\"form-field-email\" class=\"ehp-form__field-label elementor-screen-only\">\n\t\t\t\t\t\t\t\t\tEmail\t\t\t\t\t\t\t\t<\/label>\n\t\t\t\t\t\t\t\t\t\t\t\t\t\t\t\t\t<input size=\"1\" type=\"email\" name=\"form_fields[email]\" id=\"form-field-email\" class=\"ehp-form__field elementor-size-sm  elementor-field-textual\" placeholder=\"Email\" required=\"required\" aria-required=\"true\">\n\t\t\t\t\t\t\t\t\t\t\t\t\t\t\t<\/div>\n\t\t\t\t\t\t\t\t\t\t\t<div class=\"ehp-form__field-group is-field-type-textarea is-field-group-message has-width-100 has-shape-default\">\n\t\t\t\t\t\t\t\t\t\t\t\t\t\t\t<label for=\"form-field-message\" class=\"ehp-form__field-label elementor-screen-only\">\n\t\t\t\t\t\t\t\t\tWrite us\t\t\t\t\t\t\t\t<\/label>\n\t\t\t\t\t\t\t\t<textarea class=\"elementor-field-textual ehp-form__field eph-form__textarea  elementor-size-sm\" name=\"form_fields[message]\" id=\"form-field-message\" rows=\"4\" placeholder=\"Mensagem\"><\/textarea>\t\t\t\t\t\t<\/div>\n\t\t\t\t\t\t\t\t\t\t\t\t<div class=\"ehp-form__submit-group has-width-33 has-button-align-flex-end\">\n\t\t\t<button class=\"has-shape-round shape-type-button ehp-form__button is-type-button\" type=\"submit\">\n\t\t\t\t\t\t\t\t\t<svg aria-hidden=\"true\" class=\"ehp-form__button-icon e-font-icon-svg e-fas-arrow-right\" viewBox=\"0 0 448 512\" xmlns=\"http:\/\/www.w3.org\/2000\/svg\"><path d=\"M190.5 66.9l22.2-22.2c9.4-9.4 24.6-9.4 33.9 0L441 239c9.4 9.4 9.4 24.6 0 33.9L246.6 467.3c-9.4 9.4-24.6 9.4-33.9 0l-22.2-22.2c-9.5-9.5-9.3-25 .4-34.3L311.4 296H24c-13.3 0-24-10.7-24-24v-32c0-13.3 10.7-24 24-24h287.4L190.9 101.2c-9.8-9.3-10-24.8-.4-34.3z\"><\/path><\/svg>\t\t\t\t\n\t\t\t\t\t\t\t\t\t<span class=\"ehp-form__button-text\">Enviar<\/span>\n\t\t\t\t\t\t\t<\/button>\n\t\t<\/div>\n\t\t\t\t\t\t<\/div>\n\t\t\t<\/div>\n\t\t\t<div class=\"ehp-form__overlay\"><\/div>\n\t\t<\/form>\n\t\t\t\t\t\t<\/div>\n\t\t\t\t<\/div>\n\t\t\t\t<\/div>\n\t\t<div class=\"elementor-element elementor-element-704fbe64 e-con-full e-flex e-con e-child\" data-id=\"704fbe64\" data-element_type=\"container\">\n\t\t\t\t<div class=\"elementor-element elementor-element-27138975 elementor-widget elementor-widget-heading\" data-id=\"27138975\" data-element_type=\"widget\" data-widget_type=\"heading.default\">\n\t\t\t\t\t<h3 class=\"elementor-heading-title elementor-size-default\">Unidade Rio Bonito<\/h3>\t\t\t\t<\/div>\n\t\t\t\t<div class=\"elementor-element elementor-element-bf5560d elementor-widget elementor-widget-text-editor\" data-id=\"bf5560d\" data-element_type=\"widget\" data-widget_type=\"text-editor.default\">\n\t\t\t\t\t\t\t\t\t<p>Dr Mattos, 44 \u2013 4\u00ba Andar \u2013 Centro, Rio Bonito \/ RJ<br \/><small class=\"text-gray-500\">Ao lado da Rodovi\u00e1ria da Cidade.<\/small><\/p>\t\t\t\t\t\t\t\t<\/div>\n\t\t\t\t<div class=\"elementor-element elementor-element-3c27701c elementor-widget elementor-widget-text-editor\" data-id=\"3c27701c\" data-element_type=\"widget\" data-widget_type=\"text-editor.default\">\n\t\t\t\t\t\t\t\t\t<div class=\"flex items-start\"><div><strong>Agendamentos e Contatos:<\/strong><br \/><a class=\"hover:text-cyan-700\" href=\"https:\/\/wa.me\/5521997567806\" target=\"_blank\" rel=\"noopener noreferrer\">(21) 99756-7806<\/a><\/div><\/div><div class=\"flex items-start\"><div><strong>Comercial Exclusivo:<\/strong><br \/><a class=\"hover:text-cyan-700\" href=\"https:\/\/wa.me\/5521995607848\" target=\"_blank\" rel=\"noopener noreferrer\">(21) 99560-7848<\/a><\/div><\/div>\t\t\t\t\t\t\t\t<\/div>\n\t\t\t\t<div class=\"elementor-element elementor-element-02bd2f1 elementor-widget elementor-widget-text-editor\" data-id=\"02bd2f1\" data-element_type=\"widget\" data-widget_type=\"text-editor.default\">\n\t\t\t\t\t\t\t\t\t<div class=\"flex items-start\"><strong>E-MAIL COMERCIAL:<\/strong><br \/><a href=\"mailto:COMERCIAL@CLINICAQUALYMED.COM.BR\" target=\"_blank\" rel=\"noopener noreferrer\">COMERCIAL@CLINICAQUALYMED.COM.BR<\/a><\/div><div class=\"flex items-start\">E-MAIL GERENCIA:<br \/><a href=\"mailto:GESTOR@CLINICAQUALYMED.COM.BR\" target=\"_blank\" rel=\"noopener noreferrer\">GESTOR@CLINICAQUALYMED.COM.BR<\/a><\/div>\t\t\t\t\t\t\t\t<\/div>\n\t\t\t\t<\/div>\n\t\t\t\t\t<\/div>\n\t\t\t\t<\/div>\n\t\t<div class=\"elementor-element elementor-element-22836ff6 e-flex e-con-boxed e-con e-parent\" data-id=\"22836ff6\" data-element_type=\"container\" data-settings=\"{&quot;background_background&quot;:&quot;classic&quot;}\">\n\t\t\t\t\t<div class=\"e-con-inner\">\n\t\t<div class=\"elementor-element elementor-element-1e2b51a0 e-con-full e-flex e-con e-child\" data-id=\"1e2b51a0\" data-element_type=\"container\">\n\t\t\t\t<div class=\"elementor-element elementor-element-2f6c11df elementor-widget elementor-widget-heading\" data-id=\"2f6c11df\" data-element_type=\"widget\" data-settings=\"{&quot;motion_fx_motion_fx_scrolling&quot;:&quot;yes&quot;,&quot;motion_fx_translateY_effect&quot;:&quot;yes&quot;,&quot;motion_fx_translateY_speed&quot;:{&quot;unit&quot;:&quot;px&quot;,&quot;size&quot;:&quot;0.5&quot;,&quot;sizes&quot;:[]},&quot;motion_fx_translateY_affectedRange&quot;:{&quot;unit&quot;:&quot;%&quot;,&quot;size&quot;:&quot;&quot;,&quot;sizes&quot;:{&quot;start&quot;:&quot;0&quot;,&quot;end&quot;:&quot;50&quot;}},&quot;motion_fx_opacity_effect&quot;:&quot;yes&quot;,&quot;motion_fx_opacity_range&quot;:{&quot;unit&quot;:&quot;%&quot;,&quot;size&quot;:&quot;&quot;,&quot;sizes&quot;:{&quot;start&quot;:&quot;0&quot;,&quot;end&quot;:&quot;50&quot;}},&quot;motion_fx_opacity_direction&quot;:&quot;out-in&quot;,&quot;motion_fx_opacity_level&quot;:{&quot;unit&quot;:&quot;px&quot;,&quot;size&quot;:10,&quot;sizes&quot;:[]},&quot;motion_fx_devices&quot;:[&quot;desktop&quot;,&quot;tablet&quot;,&quot;mobile&quot;]}\" data-widget_type=\"heading.default\">\n\t\t\t\t\t<h4 class=\"elementor-heading-title elementor-size-default\">Onde Estamos<\/h4>\t\t\t\t<\/div>\n\t\t\t\t<div class=\"elementor-element elementor-element-677dcae5 elementor-widget elementor-widget-heading\" data-id=\"677dcae5\" data-element_type=\"widget\" data-widget_type=\"heading.default\">\n\t\t\t\t\t<p class=\"elementor-heading-title elementor-size-default\">Visite nossa unidade em Rio Bonito ou entre em contato pelos nossos canais de atendimento.\n\n<\/p>\t\t\t\t<\/div>\n\t\t\t\t<div class=\"elementor-element elementor-element-6cc2c54 elementor-widget elementor-widget-google_maps\" data-id=\"6cc2c54\" data-element_type=\"widget\" data-widget_type=\"google_maps.default\">\n\t\t\t\t\t\t\t<div class=\"elementor-custom-embed\">\n\t\t\t<iframe loading=\"lazy\"\n\t\t\t\t\tsrc=\"https:\/\/maps.google.com\/maps?q=Qualymed%20Rio%20Bonito%20Dr%20Mattos%2C%2044%20%E2%80%93%204%C2%BA%20Andar%20%E2%80%93%20Centro.&#038;t=m&#038;z=10&#038;output=embed&#038;iwloc=near\"\n\t\t\t\t\ttitle=\"Qualymed Rio Bonito Dr Mattos, 44 \u2013 4\u00ba Andar \u2013 Centro.\"\n\t\t\t\t\taria-label=\"Qualymed Rio Bonito Dr Mattos, 44 \u2013 4\u00ba Andar \u2013 Centro.\"\n\t\t\t><\/iframe>\n\t\t<\/div>\n\t\t\t\t\t\t<\/div>\n\t\t\t\t<\/div>\n\t\t\t\t\t<\/div>\n\t\t\t\t<\/div>\n\t\t<div class=\"elementor-element elementor-element-673268d e-flex e-con-boxed e-con e-parent\" data-id=\"673268d\" data-element_type=\"container\" data-settings=\"{&quot;background_background&quot;:&quot;gradient&quot;,&quot;shape_divider_top&quot;:&quot;waves&quot;}\">\n\t\t\t\t\t<div class=\"e-con-inner\">\n\t\t\t\t<div class=\"elementor-shape elementor-shape-top\" aria-hidden=\"true\" data-negative=\"false\">\n\t\t\t<svg xmlns=\"http:\/\/www.w3.org\/2000\/svg\" viewBox=\"0 0 1000 100\" preserveAspectRatio=\"none\">\n\t<path class=\"elementor-shape-fill\" d=\"M421.9,6.5c22.6-2.5,51.5,0.4,75.5,5.3c23.6,4.9,70.9,23.5,100.5,35.7c75.8,32.2,133.7,44.5,192.6,49.7\n\tc23.6,2.1,48.7,3.5,103.4-2.5c54.7-6,106.2-25.6,106.2-25.6V0H0v30.3c0,0,72,32.6,158.4,30.5c39.2-0.7,92.8-6.7,134-22.4\n\tc21.2-8.1,52.2-18.2,79.7-24.2C399.3,7.9,411.6,7.5,421.9,6.5z\"\/>\n<\/svg>\t\t<\/div>\n\t\t<div class=\"elementor-element elementor-element-2080b477 e-con-full e-flex e-con e-child\" data-id=\"2080b477\" data-element_type=\"container\">\n\t\t\t\t<div class=\"elementor-element elementor-element-51002996 elementor-widget__width-initial elementor-widget elementor-widget-cta\" data-id=\"51002996\" data-element_type=\"widget\" data-settings=\"{&quot;cta_position&quot;:&quot;column&quot;,&quot;primary_button_shape&quot;:&quot;round&quot;,&quot;layout_preset&quot;:&quot;streamline&quot;,&quot;content_alignment&quot;:&quot;center&quot;,&quot;content_alignment_tablet&quot;:&quot;center&quot;,&quot;content_alignment_mobile&quot;:&quot;center&quot;,&quot;cta_width&quot;:&quot;default&quot;,&quot;box_shape&quot;:&quot;sharp&quot;}\" data-widget_type=\"cta.default\">\n\t\t\t\t<div class=\"elementor-widget-container\">\n\t\t\t\t\t\t\t<div class=\"has-shape-sharp shape-type-box ehp-cta has-preset-streamline\">\n\t\t\t<div class=\"ehp-cta__overlay\"><\/div>\n\t\t\t<div class=\"ehp-cta__elements-container\">\n\t\t\t\t\t\t<div class=\"ehp-cta__text-container\">\n\t\t\t<h2 class=\"ehp-cta__heading\">Pronto para elevar a seguran\u00e7a da sua empresa?<\/h2><p class=\"ehp-cta__description\">Nossa equipe de especialistas est\u00e1 pronta para desenvolver a solu\u00e7\u00e3o ideal para o seu neg\u00f3cio. Entre em contato e solicite uma proposta.\n\n<\/p>\t\t<\/div>\n\t\t\t\t\t<div class=\"ehp-cta__ctas-container has-cta-width-default\">\n\t\t\t\t<div class=\"ehp-cta__buttons-wrapper\">\n\t\t\t\t\t\t\t<a class=\"has-shape-round shape-type-button ehp-button ehp-button--primary ehp-cta__button ehp-cta__button--primary is-type-button\" href=\"https:\/\/wa.me\/5521995607848\">\n\t\t\t<svg aria-hidden=\"true\" class=\"ehp-button__icon e-font-icon-svg e-fas-arrow-right\" 0=\"ehp-cta__button-icon\" viewBox=\"0 0 448 512\" xmlns=\"http:\/\/www.w3.org\/2000\/svg\"><path d=\"M190.5 66.9l22.2-22.2c9.4-9.4 24.6-9.4 33.9 0L441 239c9.4 9.4 9.4 24.6 0 33.9L246.6 467.3c-9.4 9.4-24.6 9.4-33.9 0l-22.2-22.2c-9.5-9.5-9.3-25 .4-34.3L311.4 296H24c-13.3 0-24-10.7-24-24v-32c0-13.3 10.7-24 24-24h287.4L190.9 101.2c-9.8-9.3-10-24.8-.4-34.3z\"><\/path><\/svg>\t\t<span class=\"ehp-button__text ehp-cta__button-text ehp-cta__button-text--primary\">\n\t\t\tSolicitar Proposta\t\t\t\t<\/a>\n\t\t\t\t\t\t\t\t\t\t\t<\/div>\n\t\t\t<\/div>\n\t\t\t\t\t<\/div>\n\t\t<\/div>\n\t\t\t\t\t\t<\/div>\n\t\t\t\t<\/div>\n\t\t\t\t<\/div>\n\t\t\t\t\t<\/div>\n\t\t\t\t<\/div>\n\t\t\t\t<\/div>\n\t\t","protected":false},"excerpt":{"rendered":"<p>Unidade Rio Bonito Dr Mattos, 44 \u2013 4\u00ba Andar \u2013 Centro, Rio Bonito \/ RJAo lado da Rodovi\u00e1ria da Cidade. Agendamentos e Contatos:(21) 99756-7806Comercial Exclusivo:(21) 99560-7848E-MAIL COMERCIAL:COMERCIAL@CLINICAQUALYMED.COM.BRE-MAIL GERENCIA:GESTOR@CLINICAQUALYMED.COM.BR Onde Estamos Visite nossa unidade em Rio Bonito ou entre em contato pelos nossos canais de atendimento. Pronto para elevar a seguran\u00e7a da sua empresa? Nossa equipe [&hellip;]<\/p>\n","protected":false},"author":1,"featured_media":0,"parent":0,"menu_order":0,"comment_status":"closed","ping_status":"closed","template":"","meta":{"footnotes":""},"class_list":["post-92","page","type-page","status-publish","hentry"],"_links":{"self":[{"href":"https:\/\/clinicaqualymed.com.br\/index.php\/wp-json\/wp\/v2\/pages\/92","targetHints":{"allow":["GET"]}}],"collection":[{"href":"https:\/\/clinicaqualymed.com.br\/index.php\/wp-json\/wp\/v2\/pages"}],"about":[{"href":"https:\/\/clinicaqualymed.com.br\/index.php\/wp-json\/wp\/v2\/types\/page"}],"author":[{"embeddable":true,"href":"https:\/\/clinicaqualymed.com.br\/index.php\/wp-json\/wp\/v2\/users\/1"}],"replies":[{"embeddable":true,"href":"https:\/\/clinicaqualymed.com.br\/index.php\/wp-json\/wp\/v2\/comments?post=92"}],"version-history":[{"count":25,"href":"https:\/\/clinicaqualymed.com.br\/index.php\/wp-json\/wp\/v2\/pages\/92\/revisions"}],"predecessor-version":[{"id":655,"href":"https:\/\/clinicaqualymed.com.br\/index.php\/wp-json\/wp\/v2\/pages\/92\/revisions\/655"}],"wp:attachment":[{"href":"https:\/\/clinicaqualymed.com.br\/index.php\/wp-json\/wp\/v2\/media?parent=92"}],"curies":[{"name":"wp","href":"https:\/\/api.w.org\/{rel}","templated":true}]}}